{"id":867,"date":"2024-01-12T10:45:29","date_gmt":"2024-01-12T13:45:29","guid":{"rendered":"https:\/\/janainademarcorx.com.br\/?page_id=867"},"modified":"2024-01-29T17:09:43","modified_gmt":"2024-01-29T20:09:43","slug":"telerradiologia","status":"publish","type":"page","link":"https:\/\/janainademarcorx.com.br\/index.php\/telerradiologia\/","title":{"rendered":"Telerradiologia"},"content":{"rendered":"\t\t<div data-elementor-type=\"wp-page\" data-elementor-id=\"867\" class=\"elementor elementor-867\">\n\t\t\t\t<div class=\"elementor-element elementor-element-28da1b0 e-con-full e-flex elementor-invisible e-con e-parent\" data-id=\"28da1b0\" data-element_type=\"container\" data-settings=\"{&quot;animation&quot;:&quot;fadeInDown&quot;}\">\n\t\t<div class=\"elementor-element elementor-element-3a4848d e-con-full e-flex e-con e-child\" data-id=\"3a4848d\" data-element_type=\"container\">\n\t\t\t\t<div class=\"elementor-element elementor-element-b07a81e elementor-widget elementor-widget-heading\" data-id=\"b07a81e\" data-element_type=\"widget\" data-widget_type=\"heading.default\">\n\t\t\t\t<div class=\"elementor-widget-container\">\n\t\t\t\t\t<h2 class=\"elementor-heading-title elementor-size-default\">Telerradiologia Veterin\u00e1ria<\/h2>\t\t\t\t<\/div>\n\t\t\t\t<\/div>\n\t\t\t\t<div class=\"elementor-element elementor-element-37658dc elementor-widget__width-inherit elementor-widget elementor-widget-text-editor\" data-id=\"37658dc\" data-element_type=\"widget\" data-widget_type=\"text-editor.default\">\n\t\t\t\t<div class=\"elementor-widget-container\">\n\t\t\t\t\t\t\t\t\t<p>A Janaina Demarco \u00e9 uma empresa especializada em telerradiologia veterin\u00e1ria, que realiza a an\u00e1lise de exames de imagem de raios-X a dist\u00e2ncia por radiologistas capacitados e experientes. Com esse servi\u00e7o, voc\u00ea e o seu neg\u00f3cio veterin\u00e1rio recebem os laudos dos seus exames em at\u00e9 24 horas, com qualidade e seguran\u00e7a, e ainda contam com diversos benef\u00edcios, como diagn\u00f3sticos r\u00e1pidos e precisos em qualquer hora e lugar.<\/p>\t\t\t\t\t\t\t\t<\/div>\n\t\t\t\t<\/div>\n\t\t\t\t<div class=\"elementor-element elementor-element-8476b50 elementor-invisible elementor-widget elementor-widget-button\" data-id=\"8476b50\" data-element_type=\"widget\" data-settings=\"{&quot;_animation&quot;:&quot;bounceIn&quot;}\" data-widget_type=\"button.default\">\n\t\t\t\t<div class=\"elementor-widget-container\">\n\t\t\t\t\t\t\t\t\t<div class=\"elementor-button-wrapper\">\n\t\t\t\t\t<a class=\"elementor-button elementor-button-link elementor-size-xs\" href=\"http:\/\/wa.me\/5548998535939\" id=\"wa.me\/5548998535939\">\n\t\t\t\t\t\t<span class=\"elementor-button-content-wrapper\">\n\t\t\t\t\t\t\t\t\t<span class=\"elementor-button-text\">Quero ser parceiro<\/span>\n\t\t\t\t\t<\/span>\n\t\t\t\t\t<\/a>\n\t\t\t\t<\/div>\n\t\t\t\t\t\t\t\t<\/div>\n\t\t\t\t<\/div>\n\t\t\t\t<\/div>\n\t\t<div class=\"elementor-element elementor-element-b2f3834 e-con-full e-flex e-con e-child\" data-id=\"b2f3834\" data-element_type=\"container\">\n\t\t\t\t<div class=\"elementor-element elementor-element-cb298db elementor-widget elementor-widget-image\" data-id=\"cb298db\" data-element_type=\"widget\" data-widget_type=\"image.default\">\n\t\t\t\t<div class=\"elementor-widget-container\">\n\t\t\t\t\t\t\t\t\t\t\t\t\t\t\t<img fetchpriority=\"high\" decoding=\"async\" width=\"480\" height=\"854\" src=\"https:\/\/janainademarcorx.com.br\/wp-content\/uploads\/2024\/01\/bca81d8f-ca6d-4f8c-9828-1b750029277b-1.png\" class=\"attachment-2048x2048 size-2048x2048 wp-image-1479\" alt=\"\" srcset=\"https:\/\/janainademarcorx.com.br\/wp-content\/uploads\/2024\/01\/bca81d8f-ca6d-4f8c-9828-1b750029277b-1.png 480w, https:\/\/janainademarcorx.com.br\/wp-content\/uploads\/2024\/01\/bca81d8f-ca6d-4f8c-9828-1b750029277b-1-169x300.png 169w\" sizes=\"(max-width: 480px) 100vw, 480px\" \/>\t\t\t\t\t\t\t\t\t\t\t\t\t\t\t<\/div>\n\t\t\t\t<\/div>\n\t\t\t\t<\/div>\n\t\t\t\t<\/div>\n\t\t<div class=\"elementor-element elementor-element-482755a e-con-full e-flex elementor-invisible e-con e-parent\" data-id=\"482755a\" data-element_type=\"container\" data-settings=\"{&quot;animation&quot;:&quot;slideInDown&quot;}\">\n\t\t\t\t<div class=\"elementor-element elementor-element-4bf6af5 elementor-widget__width-inherit elementor-widget elementor-widget-heading\" data-id=\"4bf6af5\" data-element_type=\"widget\" data-widget_type=\"heading.default\">\n\t\t\t\t<div class=\"elementor-widget-container\">\n\t\t\t\t\t<h2 class=\"elementor-heading-title elementor-size-default\">Vantagens e Benef\u00edcios <\/h2>\t\t\t\t<\/div>\n\t\t\t\t<\/div>\n\t\t<div class=\"elementor-element elementor-element-2ac737a e-flex e-con-boxed e-con e-child\" data-id=\"2ac737a\" data-element_type=\"container\">\n\t\t\t\t\t<div class=\"e-con-inner\">\n\t\t\t\t<div class=\"elementor-element elementor-element-4be9bc0 elementor-position-left elementor-vertical-align-middle elementor-widget elementor-widget-image-box\" data-id=\"4be9bc0\" data-element_type=\"widget\" data-widget_type=\"image-box.default\">\n\t\t\t\t<div class=\"elementor-widget-container\">\n\t\t\t\t\t<div class=\"elementor-image-box-wrapper\"><figure class=\"elementor-image-box-img\"><img decoding=\"async\" width=\"512\" height=\"512\" src=\"https:\/\/janainademarcorx.com.br\/wp-content\/uploads\/2024\/01\/time-management_12155989.png\" class=\"elementor-animation-pulse-grow attachment-full size-full wp-image-1504\" alt=\"\" srcset=\"https:\/\/janainademarcorx.com.br\/wp-content\/uploads\/2024\/01\/time-management_12155989.png 512w, https:\/\/janainademarcorx.com.br\/wp-content\/uploads\/2024\/01\/time-management_12155989-300x300.png 300w, https:\/\/janainademarcorx.com.br\/wp-content\/uploads\/2024\/01\/time-management_12155989-150x150.png 150w, https:\/\/janainademarcorx.com.br\/wp-content\/uploads\/2024\/01\/time-management_12155989-230x230.png 230w, https:\/\/janainademarcorx.com.br\/wp-content\/uploads\/2024\/01\/time-management_12155989-400x400.png 400w\" sizes=\"(max-width: 512px) 100vw, 512px\" \/><\/figure><div class=\"elementor-image-box-content\"><h3 class=\"elementor-image-box-title\">Otimiza\u00e7\u00e3o do tempo<\/h3><p class=\"elementor-image-box-description\">Receba os seu laudos em poucas horas e tenha mais tempo para se dedicar aos seus pacientes.<\/p><\/div><\/div>\t\t\t\t<\/div>\n\t\t\t\t<\/div>\n\t\t\t\t<div class=\"elementor-element elementor-element-24c6d82 elementor-position-left elementor-vertical-align-middle elementor-widget elementor-widget-image-box\" data-id=\"24c6d82\" data-element_type=\"widget\" data-widget_type=\"image-box.default\">\n\t\t\t\t<div class=\"elementor-widget-container\">\n\t\t\t\t\t<div class=\"elementor-image-box-wrapper\"><figure class=\"elementor-image-box-img\"><img decoding=\"async\" width=\"512\" height=\"512\" src=\"https:\/\/janainademarcorx.com.br\/wp-content\/uploads\/2024\/01\/profit-growth_10271940.png\" class=\"elementor-animation-pulse-grow attachment-full size-full wp-image-1503\" alt=\"\" srcset=\"https:\/\/janainademarcorx.com.br\/wp-content\/uploads\/2024\/01\/profit-growth_10271940.png 512w, https:\/\/janainademarcorx.com.br\/wp-content\/uploads\/2024\/01\/profit-growth_10271940-300x300.png 300w, https:\/\/janainademarcorx.com.br\/wp-content\/uploads\/2024\/01\/profit-growth_10271940-150x150.png 150w, https:\/\/janainademarcorx.com.br\/wp-content\/uploads\/2024\/01\/profit-growth_10271940-230x230.png 230w, https:\/\/janainademarcorx.com.br\/wp-content\/uploads\/2024\/01\/profit-growth_10271940-400x400.png 400w\" sizes=\"(max-width: 512px) 100vw, 512px\" \/><\/figure><div class=\"elementor-image-box-content\"><h3 class=\"elementor-image-box-title\">Economia<\/h3><p class=\"elementor-image-box-description\">voc\u00ea n\u00e3o precisa investir em equipamentos ou <br>contratar profissionais especializados, reduzindo os seus custos operacionais.<\/p><\/div><\/div>\t\t\t\t<\/div>\n\t\t\t\t<\/div>\n\t\t\t\t<div class=\"elementor-element elementor-element-0b7f37b elementor-position-left elementor-vertical-align-middle elementor-widget elementor-widget-image-box\" data-id=\"0b7f37b\" data-element_type=\"widget\" data-widget_type=\"image-box.default\">\n\t\t\t\t<div class=\"elementor-widget-container\">\n\t\t\t\t\t<div class=\"elementor-image-box-wrapper\"><figure class=\"elementor-image-box-img\"><img loading=\"lazy\" decoding=\"async\" width=\"512\" height=\"512\" src=\"https:\/\/janainademarcorx.com.br\/wp-content\/uploads\/2024\/01\/smart-tv_12177353.png\" class=\"elementor-animation-pulse-grow attachment-full size-full wp-image-1510\" alt=\"\" srcset=\"https:\/\/janainademarcorx.com.br\/wp-content\/uploads\/2024\/01\/smart-tv_12177353.png 512w, https:\/\/janainademarcorx.com.br\/wp-content\/uploads\/2024\/01\/smart-tv_12177353-300x300.png 300w, https:\/\/janainademarcorx.com.br\/wp-content\/uploads\/2024\/01\/smart-tv_12177353-150x150.png 150w, https:\/\/janainademarcorx.com.br\/wp-content\/uploads\/2024\/01\/smart-tv_12177353-230x230.png 230w, https:\/\/janainademarcorx.com.br\/wp-content\/uploads\/2024\/01\/smart-tv_12177353-400x400.png 400w\" sizes=\"(max-width: 512px) 100vw, 512px\" \/><\/figure><div class=\"elementor-image-box-content\"><h3 class=\"elementor-image-box-title\">Conveni\u00eancia<\/h3><p class=\"elementor-image-box-description\">Voc\u00ea pode solicitar os laudos dos seus exames a qualquer hora e de qualquer lugar, basta enviar as imagens pela internet.<\/p><\/div><\/div>\t\t\t\t<\/div>\n\t\t\t\t<\/div>\n\t\t\t\t<div class=\"elementor-element elementor-element-6668758 elementor-position-left elementor-vertical-align-middle elementor-widget elementor-widget-image-box\" data-id=\"6668758\" data-element_type=\"widget\" data-widget_type=\"image-box.default\">\n\t\t\t\t<div class=\"elementor-widget-container\">\n\t\t\t\t\t<div class=\"elementor-image-box-wrapper\"><figure class=\"elementor-image-box-img\"><img loading=\"lazy\" decoding=\"async\" width=\"512\" height=\"512\" src=\"https:\/\/janainademarcorx.com.br\/wp-content\/uploads\/2024\/01\/reliability_12236750.png\" class=\"elementor-animation-pulse-grow attachment-full size-full wp-image-1505\" alt=\"\" srcset=\"https:\/\/janainademarcorx.com.br\/wp-content\/uploads\/2024\/01\/reliability_12236750.png 512w, https:\/\/janainademarcorx.com.br\/wp-content\/uploads\/2024\/01\/reliability_12236750-300x300.png 300w, https:\/\/janainademarcorx.com.br\/wp-content\/uploads\/2024\/01\/reliability_12236750-150x150.png 150w, https:\/\/janainademarcorx.com.br\/wp-content\/uploads\/2024\/01\/reliability_12236750-230x230.png 230w, https:\/\/janainademarcorx.com.br\/wp-content\/uploads\/2024\/01\/reliability_12236750-400x400.png 400w\" sizes=\"(max-width: 512px) 100vw, 512px\" \/><\/figure><div class=\"elementor-image-box-content\"><h3 class=\"elementor-image-box-title\">Qualidade<\/h3><p class=\"elementor-image-box-description\">Voc\u00ea conta com o apoio de radiologistas veterin\u00e1rios renomados e atualizados, que seguem as melhores pr\u00e1ticas e normas da \u00e1rea.<\/p><\/div><\/div>\t\t\t\t<\/div>\n\t\t\t\t<\/div>\n\t\t\t\t\t<\/div>\n\t\t\t\t<\/div>\n\t\t\t\t<\/div>\n\t\t<div class=\"elementor-element elementor-element-92347ee e-con-full e-flex e-con e-parent\" data-id=\"92347ee\" data-element_type=\"container\" data-settings=\"{&quot;background_background&quot;:&quot;classic&quot;}\">\n\t\t\t\t<div class=\"elementor-element elementor-element-48af5b0 elementor-widget elementor-widget-heading\" data-id=\"48af5b0\" data-element_type=\"widget\" data-widget_type=\"heading.default\">\n\t\t\t\t<div class=\"elementor-widget-container\">\n\t\t\t\t\t<h2 class=\"elementor-heading-title elementor-size-default\">Como funciona o <br> servi\u00e7o de Telerradiologia<\/h2>\t\t\t\t<\/div>\n\t\t\t\t<\/div>\n\t\t<div class=\"elementor-element elementor-element-7fe4e34 e-flex e-con-boxed elementor-invisible e-con e-child\" data-id=\"7fe4e34\" data-element_type=\"container\" data-settings=\"{&quot;background_background&quot;:&quot;classic&quot;,&quot;animation&quot;:&quot;fadeInDown&quot;}\">\n\t\t\t\t\t<div class=\"e-con-inner\">\n\t\t\t\t<div class=\"elementor-element elementor-element-e0a5f3c elementor-position-top elementor-widget elementor-widget-image-box\" data-id=\"e0a5f3c\" data-element_type=\"widget\" data-settings=\"{&quot;_animation&quot;:&quot;none&quot;}\" data-widget_type=\"image-box.default\">\n\t\t\t\t<div class=\"elementor-widget-container\">\n\t\t\t\t\t<div class=\"elementor-image-box-wrapper\"><figure class=\"elementor-image-box-img\"><img loading=\"lazy\" decoding=\"async\" width=\"512\" height=\"512\" src=\"https:\/\/janainademarcorx.com.br\/wp-content\/uploads\/2024\/01\/raio-x.png\" class=\"attachment-full size-full wp-image-1400\" alt=\"\" srcset=\"https:\/\/janainademarcorx.com.br\/wp-content\/uploads\/2024\/01\/raio-x.png 512w, https:\/\/janainademarcorx.com.br\/wp-content\/uploads\/2024\/01\/raio-x-300x300.png 300w, https:\/\/janainademarcorx.com.br\/wp-content\/uploads\/2024\/01\/raio-x-150x150.png 150w, https:\/\/janainademarcorx.com.br\/wp-content\/uploads\/2024\/01\/raio-x-230x230.png 230w, https:\/\/janainademarcorx.com.br\/wp-content\/uploads\/2024\/01\/raio-x-400x400.png 400w\" sizes=\"(max-width: 512px) 100vw, 512px\" \/><\/figure><div class=\"elementor-image-box-content\"><h3 class=\"elementor-image-box-title\">1\u00ba Exame<\/h3><p class=\"elementor-image-box-description\">Voc\u00ea realiza o exame <br>na sua cl\u00ednica\n\n\n\n\n\n\n<\/p><\/div><\/div>\t\t\t\t<\/div>\n\t\t\t\t<\/div>\n\t\t\t\t<div class=\"elementor-element elementor-element-352005a elementor-position-top elementor-widget elementor-widget-image-box\" data-id=\"352005a\" data-element_type=\"widget\" data-settings=\"{&quot;_animation&quot;:&quot;none&quot;}\" data-widget_type=\"image-box.default\">\n\t\t\t\t<div class=\"elementor-widget-container\">\n\t\t\t\t\t<div class=\"elementor-image-box-wrapper\"><figure class=\"elementor-image-box-img\"><img loading=\"lazy\" decoding=\"async\" width=\"512\" height=\"512\" src=\"https:\/\/janainademarcorx.com.br\/wp-content\/uploads\/2024\/01\/radiologia-2.png\" class=\"attachment-full size-full wp-image-1401\" alt=\"\" srcset=\"https:\/\/janainademarcorx.com.br\/wp-content\/uploads\/2024\/01\/radiologia-2.png 512w, https:\/\/janainademarcorx.com.br\/wp-content\/uploads\/2024\/01\/radiologia-2-300x300.png 300w, https:\/\/janainademarcorx.com.br\/wp-content\/uploads\/2024\/01\/radiologia-2-150x150.png 150w, https:\/\/janainademarcorx.com.br\/wp-content\/uploads\/2024\/01\/radiologia-2-230x230.png 230w, https:\/\/janainademarcorx.com.br\/wp-content\/uploads\/2024\/01\/radiologia-2-400x400.png 400w\" sizes=\"(max-width: 512px) 100vw, 512px\" \/><\/figure><div class=\"elementor-image-box-content\"><h3 class=\"elementor-image-box-title\">2\u00ba Envio<\/h3><p class=\"elementor-image-box-description\">Faz o envio digital das imagens  para a central de laudos<\/p><\/div><\/div>\t\t\t\t<\/div>\n\t\t\t\t<\/div>\n\t\t\t\t<div class=\"elementor-element elementor-element-086be27 elementor-position-top elementor-widget elementor-widget-image-box\" data-id=\"086be27\" data-element_type=\"widget\" data-settings=\"{&quot;_animation&quot;:&quot;none&quot;}\" data-widget_type=\"image-box.default\">\n\t\t\t\t<div class=\"elementor-widget-container\">\n\t\t\t\t\t<div class=\"elementor-image-box-wrapper\"><figure class=\"elementor-image-box-img\"><img loading=\"lazy\" decoding=\"async\" width=\"512\" height=\"512\" src=\"https:\/\/janainademarcorx.com.br\/wp-content\/uploads\/2024\/01\/radiologista-1.png\" class=\"attachment-full size-full wp-image-1403\" alt=\"\" srcset=\"https:\/\/janainademarcorx.com.br\/wp-content\/uploads\/2024\/01\/radiologista-1.png 512w, https:\/\/janainademarcorx.com.br\/wp-content\/uploads\/2024\/01\/radiologista-1-300x300.png 300w, https:\/\/janainademarcorx.com.br\/wp-content\/uploads\/2024\/01\/radiologista-1-150x150.png 150w, https:\/\/janainademarcorx.com.br\/wp-content\/uploads\/2024\/01\/radiologista-1-230x230.png 230w, https:\/\/janainademarcorx.com.br\/wp-content\/uploads\/2024\/01\/radiologista-1-400x400.png 400w\" sizes=\"(max-width: 512px) 100vw, 512px\" \/><\/figure><div class=\"elementor-image-box-content\"><h3 class=\"elementor-image-box-title\">3\u00ba Laudo<\/h3><p class=\"elementor-image-box-description\">A nossa equipe realiza a an\u00e1lise e emiss\u00e3o do laudo <\/p><\/div><\/div>\t\t\t\t<\/div>\n\t\t\t\t<\/div>\n\t\t\t\t<div class=\"elementor-element elementor-element-8c3f44d elementor-position-top elementor-widget elementor-widget-image-box\" data-id=\"8c3f44d\" data-element_type=\"widget\" data-settings=\"{&quot;_animation&quot;:&quot;none&quot;}\" data-widget_type=\"image-box.default\">\n\t\t\t\t<div class=\"elementor-widget-container\">\n\t\t\t\t\t<div class=\"elementor-image-box-wrapper\"><figure class=\"elementor-image-box-img\"><img loading=\"lazy\" decoding=\"async\" width=\"512\" height=\"512\" src=\"https:\/\/janainademarcorx.com.br\/wp-content\/uploads\/2024\/01\/radiologia.png\" class=\"attachment-full size-full wp-image-1402\" alt=\"\" srcset=\"https:\/\/janainademarcorx.com.br\/wp-content\/uploads\/2024\/01\/radiologia.png 512w, https:\/\/janainademarcorx.com.br\/wp-content\/uploads\/2024\/01\/radiologia-300x300.png 300w, https:\/\/janainademarcorx.com.br\/wp-content\/uploads\/2024\/01\/radiologia-150x150.png 150w, https:\/\/janainademarcorx.com.br\/wp-content\/uploads\/2024\/01\/radiologia-230x230.png 230w, https:\/\/janainademarcorx.com.br\/wp-content\/uploads\/2024\/01\/radiologia-400x400.png 400w\" sizes=\"(max-width: 512px) 100vw, 512px\" \/><\/figure><div class=\"elementor-image-box-content\"><h3 class=\"elementor-image-box-title\">4\u00ba Entrega<\/h3><p class=\"elementor-image-box-description\">Enviamos o laudo digitalmente atrav\u00e9s da nossa plataforma<\/p><\/div><\/div>\t\t\t\t<\/div>\n\t\t\t\t<\/div>\n\t\t\t\t\t<\/div>\n\t\t\t\t<\/div>\n\t\t\t\t<\/div>\n\t\t\t\t<\/div>\n\t\t","protected":false},"excerpt":{"rendered":"<p>Telerradiologia Veterin\u00e1ria A Janaina Demarco \u00e9 uma empresa especializada em telerradiologia veterin\u00e1ria, que realiza a an\u00e1lise de exames de imagem de raios-X a dist\u00e2ncia por radiologistas capacitados e experientes. Com esse servi\u00e7o, voc\u00ea e o seu neg\u00f3cio veterin\u00e1rio recebem os laudos dos seus exames em at\u00e9 24 horas, com qualidade e seguran\u00e7a, e ainda contam [&hellip;]<\/p>\n","protected":false},"author":1,"featured_media":0,"parent":0,"menu_order":0,"comment_status":"closed","ping_status":"closed","template":"elementor_header_footer","meta":{"footnotes":"","_joinchat":[]},"_links":{"self":[{"href":"https:\/\/janainademarcorx.com.br\/index.php\/wp-json\/wp\/v2\/pages\/867"}],"collection":[{"href":"https:\/\/janainademarcorx.com.br\/index.php\/wp-json\/wp\/v2\/pages"}],"about":[{"href":"https:\/\/janainademarcorx.com.br\/index.php\/wp-json\/wp\/v2\/types\/page"}],"author":[{"embeddable":true,"href":"https:\/\/janainademarcorx.com.br\/index.php\/wp-json\/wp\/v2\/users\/1"}],"replies":[{"embeddable":true,"href":"https:\/\/janainademarcorx.com.br\/index.php\/wp-json\/wp\/v2\/comments?post=867"}],"version-history":[{"count":367,"href":"https:\/\/janainademarcorx.com.br\/index.php\/wp-json\/wp\/v2\/pages\/867\/revisions"}],"predecessor-version":[{"id":3270,"href":"https:\/\/janainademarcorx.com.br\/index.php\/wp-json\/wp\/v2\/pages\/867\/revisions\/3270"}],"wp:attachment":[{"href":"https:\/\/janainademarcorx.com.br\/index.php\/wp-json\/wp\/v2\/media?parent=867"}],"curies":[{"name":"wp","href":"https:\/\/api.w.org\/{rel}","templated":true}]}}