{"id":869,"date":"2024-01-12T10:45:49","date_gmt":"2024-01-12T13:45:49","guid":{"rendered":"https:\/\/janainademarcorx.com.br\/?page_id=869"},"modified":"2024-01-29T17:01:38","modified_gmt":"2024-01-29T20:01:38","slug":"raios-x-movel","status":"publish","type":"page","link":"https:\/\/janainademarcorx.com.br\/index.php\/raios-x-movel\/","title":{"rendered":"Raios-X M\u00f3vel"},"content":{"rendered":"\t\t<div data-elementor-type=\"wp-page\" data-elementor-id=\"869\" class=\"elementor elementor-869\">\n\t\t\t\t<div class=\"elementor-element elementor-element-273a7f2 e-flex e-con-boxed elementor-invisible e-con e-parent\" data-id=\"273a7f2\" data-element_type=\"container\" data-settings=\"{&quot;background_background&quot;:&quot;classic&quot;,&quot;animation&quot;:&quot;fadeInDown&quot;}\">\n\t\t\t\t\t<div class=\"e-con-inner\">\n\t\t\t\t<div class=\"elementor-element elementor-element-b528e8d elementor-widget elementor-widget-heading\" data-id=\"b528e8d\" data-element_type=\"widget\" data-widget_type=\"heading.default\">\n\t\t\t\t<div class=\"elementor-widget-container\">\n\t\t\t\t\t<h2 class=\"elementor-heading-title elementor-size-default\">Radiologia M\u00f3vel<\/h2>\t\t\t\t<\/div>\n\t\t\t\t<\/div>\n\t\t\t\t<div class=\"elementor-element elementor-element-744de32 elementor-widget__width-initial elementor-widget elementor-widget-text-editor\" data-id=\"744de32\" data-element_type=\"widget\" data-widget_type=\"text-editor.default\">\n\t\t\t\t<div class=\"elementor-widget-container\">\n\t\t\t\t\t\t\t\t\t<p>O servi\u00e7o de radiologia m\u00f3vel, consiste em realizar exames de imagem em animais de estima\u00e7\u00e3o no conforto da sua casa ou na cl\u00ednica veterin\u00e1ria de sua confian\u00e7a. Atendimento em Florian\u00f3polis e Regi\u00e3o.\u00a0\u00a0<\/p>\t\t\t\t\t\t\t\t<\/div>\n\t\t\t\t<\/div>\n\t\t\t\t\t<\/div>\n\t\t\t\t<\/div>\n\t\t<div class=\"elementor-element elementor-element-696c3f3 e-flex e-con-boxed elementor-invisible e-con e-parent\" data-id=\"696c3f3\" data-element_type=\"container\" data-settings=\"{&quot;animation&quot;:&quot;fadeInLeft&quot;}\">\n\t\t\t\t\t<div class=\"e-con-inner\">\n\t\t\t\t<div class=\"elementor-element elementor-element-a0a58bb elementor-widget elementor-widget-heading\" data-id=\"a0a58bb\" data-element_type=\"widget\" data-widget_type=\"heading.default\">\n\t\t\t\t<div class=\"elementor-widget-container\">\n\t\t\t\t\t<h2 class=\"elementor-heading-title elementor-size-default\">Vantagens do raios-X m\u00f3vel<\/h2>\t\t\t\t<\/div>\n\t\t\t\t<\/div>\n\t\t<div class=\"elementor-element elementor-element-be0fc76 e-flex e-con-boxed e-con e-child\" data-id=\"be0fc76\" data-element_type=\"container\">\n\t\t\t\t\t<div class=\"e-con-inner\">\n\t\t\t\t<div class=\"elementor-element elementor-element-77a8b34 elementor-widget__width-inherit elementor-position-top elementor-widget elementor-widget-image-box\" data-id=\"77a8b34\" data-element_type=\"widget\" data-widget_type=\"image-box.default\">\n\t\t\t\t<div class=\"elementor-widget-container\">\n\t\t\t\t\t<div class=\"elementor-image-box-wrapper\"><figure class=\"elementor-image-box-img\"><img fetchpriority=\"high\" decoding=\"async\" width=\"512\" height=\"512\" src=\"https:\/\/janainademarcorx.com.br\/wp-content\/uploads\/2024\/01\/casa.png\" class=\"attachment-full size-full wp-image-1450\" alt=\"\" srcset=\"https:\/\/janainademarcorx.com.br\/wp-content\/uploads\/2024\/01\/casa.png 512w, https:\/\/janainademarcorx.com.br\/wp-content\/uploads\/2024\/01\/casa-300x300.png 300w, https:\/\/janainademarcorx.com.br\/wp-content\/uploads\/2024\/01\/casa-150x150.png 150w, https:\/\/janainademarcorx.com.br\/wp-content\/uploads\/2024\/01\/casa-230x230.png 230w, https:\/\/janainademarcorx.com.br\/wp-content\/uploads\/2024\/01\/casa-400x400.png 400w\" sizes=\"(max-width: 512px) 100vw, 512px\" \/><\/figure><div class=\"elementor-image-box-content\"><h3 class=\"elementor-image-box-title\">Atendimento a domic\u00edlio<\/h3><p class=\"elementor-image-box-description\">Voc\u00ea n\u00e3o precisa deslocar o  animal para um<br> centro de diagn\u00f3stico, evitando o estresse e o risco de contamina\u00e7\u00e3o. <\/p><\/div><\/div>\t\t\t\t<\/div>\n\t\t\t\t<\/div>\n\t\t\t\t<div class=\"elementor-element elementor-element-ae90e8f elementor-widget__width-inherit elementor-position-top elementor-widget elementor-widget-image-box\" data-id=\"ae90e8f\" data-element_type=\"widget\" data-widget_type=\"image-box.default\">\n\t\t\t\t<div class=\"elementor-widget-container\">\n\t\t\t\t\t<div class=\"elementor-image-box-wrapper\"><figure class=\"elementor-image-box-img\"><img decoding=\"async\" width=\"512\" height=\"512\" src=\"https:\/\/janainademarcorx.com.br\/wp-content\/uploads\/2024\/01\/garantia.png\" class=\"attachment-full size-full wp-image-1452\" alt=\"\" srcset=\"https:\/\/janainademarcorx.com.br\/wp-content\/uploads\/2024\/01\/garantia.png 512w, https:\/\/janainademarcorx.com.br\/wp-content\/uploads\/2024\/01\/garantia-300x300.png 300w, https:\/\/janainademarcorx.com.br\/wp-content\/uploads\/2024\/01\/garantia-150x150.png 150w, https:\/\/janainademarcorx.com.br\/wp-content\/uploads\/2024\/01\/garantia-230x230.png 230w, https:\/\/janainademarcorx.com.br\/wp-content\/uploads\/2024\/01\/garantia-400x400.png 400w\" sizes=\"(max-width: 512px) 100vw, 512px\" \/><\/figure><div class=\"elementor-image-box-content\"><h3 class=\"elementor-image-box-title\">Precis\u00e3o e confiabilidade<\/h3><p class=\"elementor-image-box-description\">\u00c9 um exame r\u00e1pido, n\u00e3o invasivo, podendo levar diretamente ao diagn\u00f3stico ou indicar a necessidade\nde outros exames complementares.<\/p><\/div><\/div>\t\t\t\t<\/div>\n\t\t\t\t<\/div>\n\t\t\t\t<div class=\"elementor-element elementor-element-e0f00bd elementor-widget__width-inherit elementor-position-top elementor-widget elementor-widget-image-box\" data-id=\"e0f00bd\" data-element_type=\"widget\" data-widget_type=\"image-box.default\">\n\t\t\t\t<div class=\"elementor-widget-container\">\n\t\t\t\t\t<div class=\"elementor-image-box-wrapper\"><figure class=\"elementor-image-box-img\"><img decoding=\"async\" width=\"512\" height=\"512\" src=\"https:\/\/janainademarcorx.com.br\/wp-content\/uploads\/2024\/01\/tempo-para-o-mercado.png\" class=\"attachment-full size-full wp-image-1451\" alt=\"\" srcset=\"https:\/\/janainademarcorx.com.br\/wp-content\/uploads\/2024\/01\/tempo-para-o-mercado.png 512w, https:\/\/janainademarcorx.com.br\/wp-content\/uploads\/2024\/01\/tempo-para-o-mercado-300x300.png 300w, https:\/\/janainademarcorx.com.br\/wp-content\/uploads\/2024\/01\/tempo-para-o-mercado-150x150.png 150w, https:\/\/janainademarcorx.com.br\/wp-content\/uploads\/2024\/01\/tempo-para-o-mercado-230x230.png 230w, https:\/\/janainademarcorx.com.br\/wp-content\/uploads\/2024\/01\/tempo-para-o-mercado-400x400.png 400w\" sizes=\"(max-width: 512px) 100vw, 512px\" \/><\/figure><div class=\"elementor-image-box-content\"><h3 class=\"elementor-image-box-title\">Resultados<br>R\u00e1pidos<\/h3><p class=\"elementor-image-box-description\">As imagens s\u00e3o enviadas para a an\u00e1lise <br>de  radiologistas veterin\u00e1rios experientes <br> e capacitados, que emitem os laudos em at\u00e9 24 horas<\/p><\/div><\/div>\t\t\t\t<\/div>\n\t\t\t\t<\/div>\n\t\t\t\t\t<\/div>\n\t\t\t\t<\/div>\n\t\t\t\t\t<\/div>\n\t\t\t\t<\/div>\n\t\t<div class=\"elementor-element elementor-element-4b40778 e-flex e-con-boxed e-con e-parent\" data-id=\"4b40778\" data-element_type=\"container\" data-settings=\"{&quot;background_background&quot;:&quot;classic&quot;}\">\n\t\t\t\t\t<div class=\"e-con-inner\">\n\t\t<div class=\"elementor-element elementor-element-aa95be0 e-con-full e-flex e-con e-child\" data-id=\"aa95be0\" data-element_type=\"container\">\n\t\t\t\t<div class=\"elementor-element elementor-element-ff84c0c elementor-widget elementor-widget-image\" data-id=\"ff84c0c\" data-element_type=\"widget\" data-widget_type=\"image.default\">\n\t\t\t\t<div class=\"elementor-widget-container\">\n\t\t\t\t\t\t\t\t\t\t\t\t\t\t\t<img loading=\"lazy\" decoding=\"async\" width=\"400\" height=\"400\" src=\"https:\/\/janainademarcorx.com.br\/wp-content\/uploads\/2024\/01\/Design-sem-nome-25-400x400.png\" class=\"attachment-kava-thumb-m size-kava-thumb-m wp-image-2432\" alt=\"\" srcset=\"https:\/\/janainademarcorx.com.br\/wp-content\/uploads\/2024\/01\/Design-sem-nome-25-400x400.png 400w, https:\/\/janainademarcorx.com.br\/wp-content\/uploads\/2024\/01\/Design-sem-nome-25-300x300.png 300w, https:\/\/janainademarcorx.com.br\/wp-content\/uploads\/2024\/01\/Design-sem-nome-25-1024x1024.png 1024w, https:\/\/janainademarcorx.com.br\/wp-content\/uploads\/2024\/01\/Design-sem-nome-25-150x150.png 150w, https:\/\/janainademarcorx.com.br\/wp-content\/uploads\/2024\/01\/Design-sem-nome-25-768x768.png 768w, https:\/\/janainademarcorx.com.br\/wp-content\/uploads\/2024\/01\/Design-sem-nome-25-230x230.png 230w, https:\/\/janainademarcorx.com.br\/wp-content\/uploads\/2024\/01\/Design-sem-nome-25-600x600.png 600w, https:\/\/janainademarcorx.com.br\/wp-content\/uploads\/2024\/01\/Design-sem-nome-25-640x640.png 640w, https:\/\/janainademarcorx.com.br\/wp-content\/uploads\/2024\/01\/elementor\/thumbs\/Design-sem-nome-25-qivskzhd0iv8jve6bde390156ys3s6gvk2dkt9pi3s.png 100w, https:\/\/janainademarcorx.com.br\/wp-content\/uploads\/2024\/01\/Design-sem-nome-25.png 1080w\" sizes=\"(max-width: 400px) 100vw, 400px\" \/>\t\t\t\t\t\t\t\t\t\t\t\t\t\t\t<\/div>\n\t\t\t\t<\/div>\n\t\t\t\t<div class=\"elementor-element elementor-element-a0f21b9 elementor-widget elementor-widget-button\" data-id=\"a0f21b9\" data-element_type=\"widget\" data-settings=\"{&quot;_animation_mobile&quot;:&quot;zoomIn&quot;}\" data-widget_type=\"button.default\">\n\t\t\t\t<div class=\"elementor-widget-container\">\n\t\t\t\t\t\t\t\t\t<div class=\"elementor-button-wrapper\">\n\t\t\t\t\t<a class=\"elementor-button elementor-button-link elementor-size-xs\" href=\"http:\/\/wa.me\/5548998535939\" id=\"wa.me\/5548998535939\">\n\t\t\t\t\t\t<span class=\"elementor-button-content-wrapper\">\n\t\t\t\t\t\t\t\t\t<span class=\"elementor-button-text\">Contato pelo Whatsapp<\/span>\n\t\t\t\t\t<\/span>\n\t\t\t\t\t<\/a>\n\t\t\t\t<\/div>\n\t\t\t\t\t\t\t\t<\/div>\n\t\t\t\t<\/div>\n\t\t\t\t<\/div>\n\t\t<div class=\"elementor-element elementor-element-7e95533 e-con-full e-flex e-con e-child\" data-id=\"7e95533\" data-element_type=\"container\">\n\t\t\t\t<div class=\"elementor-element elementor-element-1d60e17 elementor-widget elementor-widget-heading\" data-id=\"1d60e17\" data-element_type=\"widget\" data-widget_type=\"heading.default\">\n\t\t\t\t<div class=\"elementor-widget-container\">\n\t\t\t\t\t<h2 class=\"elementor-heading-title elementor-size-default\">Quando o exame de Raios-X \u00e9 indicado?<\/h2>\t\t\t\t<\/div>\n\t\t\t\t<\/div>\n\t\t\t\t<div class=\"elementor-element elementor-element-fac5183 elementor-icon-list--layout-traditional elementor-list-item-link-full_width elementor-widget elementor-widget-icon-list\" data-id=\"fac5183\" data-element_type=\"widget\" data-widget_type=\"icon-list.default\">\n\t\t\t\t<div class=\"elementor-widget-container\">\n\t\t\t\t\t\t\t<ul class=\"elementor-icon-list-items\">\n\t\t\t\t\t\t\t<li class=\"elementor-icon-list-item\">\n\t\t\t\t\t\t\t\t\t\t\t<span class=\"elementor-icon-list-icon\">\n\t\t\t\t\t\t\t<svg aria-hidden=\"true\" class=\"e-font-icon-svg e-fas-check\" viewBox=\"0 0 512 512\" xmlns=\"http:\/\/www.w3.org\/2000\/svg\"><path d=\"M173.898 439.404l-166.4-166.4c-9.997-9.997-9.997-26.206 0-36.204l36.203-36.204c9.997-9.998 26.207-9.998 36.204 0L192 312.69 432.095 72.596c9.997-9.997 26.207-9.997 36.204 0l36.203 36.204c9.997 9.997 9.997 26.206 0 36.204l-294.4 294.401c-9.998 9.997-26.207 9.997-36.204-.001z\"><\/path><\/svg>\t\t\t\t\t\t<\/span>\n\t\t\t\t\t\t\t\t\t\t<span class=\"elementor-icon-list-text\">Avalia\u00e7\u00e3o de fraturas, luxa\u00e7\u00f5es, displasias e outras altera\u00e7\u00f5es \u00f3sseas e articulares.<\/span>\n\t\t\t\t\t\t\t\t\t<\/li>\n\t\t\t\t\t\t\t\t<li class=\"elementor-icon-list-item\">\n\t\t\t\t\t\t\t\t\t\t\t<span class=\"elementor-icon-list-icon\">\n\t\t\t\t\t\t\t<svg aria-hidden=\"true\" class=\"e-font-icon-svg e-fas-check\" viewBox=\"0 0 512 512\" xmlns=\"http:\/\/www.w3.org\/2000\/svg\"><path d=\"M173.898 439.404l-166.4-166.4c-9.997-9.997-9.997-26.206 0-36.204l36.203-36.204c9.997-9.998 26.207-9.998 36.204 0L192 312.69 432.095 72.596c9.997-9.997 26.207-9.997 36.204 0l36.203 36.204c9.997 9.997 9.997 26.206 0 36.204l-294.4 294.401c-9.998 9.997-26.207 9.997-36.204-.001z\"><\/path><\/svg>\t\t\t\t\t\t<\/span>\n\t\t\t\t\t\t\t\t\t\t<span class=\"elementor-icon-list-text\">Avalia\u00e7\u00e3o de doen\u00e7as pulmonares, card\u00edacas e vasculares.<\/span>\n\t\t\t\t\t\t\t\t\t<\/li>\n\t\t\t\t\t\t\t\t<li class=\"elementor-icon-list-item\">\n\t\t\t\t\t\t\t\t\t\t\t<span class=\"elementor-icon-list-icon\">\n\t\t\t\t\t\t\t<svg aria-hidden=\"true\" class=\"e-font-icon-svg e-fas-check\" viewBox=\"0 0 512 512\" xmlns=\"http:\/\/www.w3.org\/2000\/svg\"><path d=\"M173.898 439.404l-166.4-166.4c-9.997-9.997-9.997-26.206 0-36.204l36.203-36.204c9.997-9.998 26.207-9.998 36.204 0L192 312.69 432.095 72.596c9.997-9.997 26.207-9.997 36.204 0l36.203 36.204c9.997 9.997 9.997 26.206 0 36.204l-294.4 294.401c-9.998 9.997-26.207 9.997-36.204-.001z\"><\/path><\/svg>\t\t\t\t\t\t<\/span>\n\t\t\t\t\t\t\t\t\t\t<span class=\"elementor-icon-list-text\">Avalia\u00e7\u00e3o de doen\u00e7as gastrointestinais, hep\u00e1ticas, renais.<\/span>\n\t\t\t\t\t\t\t\t\t<\/li>\n\t\t\t\t\t\t\t\t<li class=\"elementor-icon-list-item\">\n\t\t\t\t\t\t\t\t\t\t\t<span class=\"elementor-icon-list-icon\">\n\t\t\t\t\t\t\t<svg aria-hidden=\"true\" class=\"e-font-icon-svg e-fas-check\" viewBox=\"0 0 512 512\" xmlns=\"http:\/\/www.w3.org\/2000\/svg\"><path d=\"M173.898 439.404l-166.4-166.4c-9.997-9.997-9.997-26.206 0-36.204l36.203-36.204c9.997-9.998 26.207-9.998 36.204 0L192 312.69 432.095 72.596c9.997-9.997 26.207-9.997 36.204 0l36.203 36.204c9.997 9.997 9.997 26.206 0 36.204l-294.4 294.401c-9.998 9.997-26.207 9.997-36.204-.001z\"><\/path><\/svg>\t\t\t\t\t\t<\/span>\n\t\t\t\t\t\t\t\t\t\t<span class=\"elementor-icon-list-text\">Avalia\u00e7\u00e3o de gesta\u00e7\u00e3o, parto e p\u00f3s-parto.<\/span>\n\t\t\t\t\t\t\t\t\t<\/li>\n\t\t\t\t\t\t\t\t<li class=\"elementor-icon-list-item\">\n\t\t\t\t\t\t\t\t\t\t\t<span class=\"elementor-icon-list-icon\">\n\t\t\t\t\t\t\t<svg aria-hidden=\"true\" class=\"e-font-icon-svg e-fas-check\" viewBox=\"0 0 512 512\" xmlns=\"http:\/\/www.w3.org\/2000\/svg\"><path d=\"M173.898 439.404l-166.4-166.4c-9.997-9.997-9.997-26.206 0-36.204l36.203-36.204c9.997-9.998 26.207-9.998 36.204 0L192 312.69 432.095 72.596c9.997-9.997 26.207-9.997 36.204 0l36.203 36.204c9.997 9.997 9.997 26.206 0 36.204l-294.4 294.401c-9.998 9.997-26.207 9.997-36.204-.001z\"><\/path><\/svg>\t\t\t\t\t\t<\/span>\n\t\t\t\t\t\t\t\t\t\t<span class=\"elementor-icon-list-text\">Avalia\u00e7\u00e3o de tumores, cistos, abscessos e outras massas.<\/span>\n\t\t\t\t\t\t\t\t\t<\/li>\n\t\t\t\t\t\t\t\t<li class=\"elementor-icon-list-item\">\n\t\t\t\t\t\t\t\t\t\t\t<span class=\"elementor-icon-list-icon\">\n\t\t\t\t\t\t\t<svg aria-hidden=\"true\" class=\"e-font-icon-svg e-fas-check\" viewBox=\"0 0 512 512\" xmlns=\"http:\/\/www.w3.org\/2000\/svg\"><path d=\"M173.898 439.404l-166.4-166.4c-9.997-9.997-9.997-26.206 0-36.204l36.203-36.204c9.997-9.998 26.207-9.998 36.204 0L192 312.69 432.095 72.596c9.997-9.997 26.207-9.997 36.204 0l36.203 36.204c9.997 9.997 9.997 26.206 0 36.204l-294.4 294.401c-9.998 9.997-26.207 9.997-36.204-.001z\"><\/path><\/svg>\t\t\t\t\t\t<\/span>\n\t\t\t\t\t\t\t\t\t\t<span class=\"elementor-icon-list-text\">Avalia\u00e7\u00e3o de corpos estranhos, obstru\u00e7\u00f5es e perfura\u00e7\u00f5es.<\/span>\n\t\t\t\t\t\t\t\t\t<\/li>\n\t\t\t\t\t\t<\/ul>\n\t\t\t\t\t\t<\/div>\n\t\t\t\t<\/div>\n\t\t\t\t<\/div>\n\t\t\t\t\t<\/div>\n\t\t\t\t<\/div>\n\t\t\t\t<\/div>\n\t\t","protected":false},"excerpt":{"rendered":"<p>Radiologia M\u00f3vel O servi\u00e7o de radiologia m\u00f3vel, consiste em realizar exames de imagem em animais de estima\u00e7\u00e3o no conforto da sua casa ou na cl\u00ednica veterin\u00e1ria de sua confian\u00e7a. Atendimento em Florian\u00f3polis e Regi\u00e3o.\u00a0\u00a0 Vantagens do raios-X m\u00f3vel Atendimento a domic\u00edlio Voc\u00ea n\u00e3o precisa deslocar o animal para um centro de diagn\u00f3stico, evitando o estresse [&hellip;]<\/p>\n","protected":false},"author":1,"featured_media":0,"parent":0,"menu_order":0,"comment_status":"closed","ping_status":"closed","template":"elementor_header_footer","meta":{"footnotes":"","_joinchat":[]},"_links":{"self":[{"href":"https:\/\/janainademarcorx.com.br\/index.php\/wp-json\/wp\/v2\/pages\/869"}],"collection":[{"href":"https:\/\/janainademarcorx.com.br\/index.php\/wp-json\/wp\/v2\/pages"}],"about":[{"href":"https:\/\/janainademarcorx.com.br\/index.php\/wp-json\/wp\/v2\/types\/page"}],"author":[{"embeddable":true,"href":"https:\/\/janainademarcorx.com.br\/index.php\/wp-json\/wp\/v2\/users\/1"}],"replies":[{"embeddable":true,"href":"https:\/\/janainademarcorx.com.br\/index.php\/wp-json\/wp\/v2\/comments?post=869"}],"version-history":[{"count":217,"href":"https:\/\/janainademarcorx.com.br\/index.php\/wp-json\/wp\/v2\/pages\/869\/revisions"}],"predecessor-version":[{"id":3252,"href":"https:\/\/janainademarcorx.com.br\/index.php\/wp-json\/wp\/v2\/pages\/869\/revisions\/3252"}],"wp:attachment":[{"href":"https:\/\/janainademarcorx.com.br\/index.php\/wp-json\/wp\/v2\/media?parent=869"}],"curies":[{"name":"wp","href":"https:\/\/api.w.org\/{rel}","templated":true}]}}